{"id":84,"date":"2023-03-07T09:50:02","date_gmt":"2023-03-07T09:50:02","guid":{"rendered":"https:\/\/easyweb.ee\/pank\/?page_id=84"},"modified":"2023-03-08T13:39:34","modified_gmt":"2023-03-08T13:39:34","slug":"aktiivne-puhkus","status":"publish","type":"page","link":"https:\/\/pangapank.ee\/ru\/aktiivne-puhkus\/","title":{"rendered":"\u0410\u043a\u0442\u0438\u0432\u043d\u044b\u0439 \u043e\u0442\u0434\u044b\u0445"},"content":{"rendered":"<p>\u041f\u0440\u0438\u0435\u0437\u0436\u0430\u0439\u0442\u0435 \u043d\u0430 \u043f\u0438\u043a\u043d\u0438\u043a \u043d\u0430 \u0436\u0438\u0432\u043e\u043f\u0438\u0441\u043d\u044b\u0439 \u0443\u0442\u0435\u0441 \u041f\u0430\u043d\u0433\u0430! \u0427\u0438\u0441\u0442\u044b\u0439 \u043c\u043e\u0440\u0441\u043a\u043e\u0439 \u0432\u043e\u0437\u0434\u0443\u0445 \u0438 \u0446\u0435\u043b\u0435\u0431\u043d\u043e\u0435 \u0434\u0435\u0439\u0441\u0442\u0432\u0438\u0435 \u0441\u043e\u0441\u043d\u043e\u0432\u043e\u0433\u043e \u043b\u0435\u0441\u0430 \u043f\u043e\u043c\u043e\u0433\u0443\u0442 \u0432\u0430\u043c \u0440\u0430\u0441\u0441\u043b\u0430\u0431\u0438\u0442\u044c\u0441\u044f \u0438 \u0437\u0430\u0440\u044f\u0434\u0438\u0442\u044c\u0441\u044f \u044d\u043d\u0435\u0440\u0433\u0438\u0435\u0439. \u0412 \u0437\u0430\u043f\u043e\u0432\u0435\u0434\u043d\u0438\u043a\u0435 \u0432\u044b \u043c\u043e\u0436\u0435\u0442\u0435 \u043d\u0430\u0431\u043b\u044e\u0434\u0430\u0442\u044c \u0437\u0430 \u0437\u0430\u0432\u043e\u0440\u0430\u0436\u0438\u0432\u0430\u044e\u0449\u0438\u043c \u043a\u0440\u0430\u0441\u0438\u0432\u044b\u043c \u0437\u0430\u043a\u0430\u0442\u043e\u043c, \u043d\u0430\u0441\u043b\u0430\u0436\u0434\u0430\u0442\u044c\u0441\u044f \u043c\u0438\u0440\u043e\u043c \u0438 \u043a\u0440\u0430\u0441\u043e\u0442\u043e\u0439 \u043f\u0440\u0438\u0440\u043e\u0434\u044b, \u043d\u0430\u0431\u043b\u044e\u0434\u0430\u0442\u044c \u0437\u0430 \u043f\u0442\u0438\u0446\u0430\u043c\u0438, \u0447\u0435\u0440\u043f\u0430\u0442\u044c \u0437\u0434\u043e\u0440\u043e\u0432\u044c\u0435 \u0438\u0437 \u0433\u043b\u0430\u0437\u043d\u043e\u0433\u043e \u0438\u0441\u0442\u043e\u0447\u043d\u0438\u043a\u0430 \u0438 \u0434\u0435\u043b\u0430\u0442\u044c \u043a\u0440\u0430\u0441\u0438\u0432\u044b\u0435 \u0444\u043e\u0442\u043e\u0433\u0440\u0430\u0444\u0438\u0438 \u043f\u0440\u0438\u0440\u043e\u0434\u044b.<\/p>\n\n\n\n<p>\u041b\u0435\u0442\u043e\u043c \u043e\u0442\u043a\u0440\u044b\u0442 \u043e\u0442\u043a\u0440\u044b\u0442\u044b\u0439 \u043a\u0430\u0444\u0435 \u041f\u0430\u043d\u0433\u0430, \u0433\u0434\u0435 \u0432\u044b \u043c\u043e\u0436\u0435\u0442\u0435 \u043f\u043e\u043f\u0440\u043e\u0431\u043e\u0432\u0430\u0442\u044c \u0434\u043e\u043c\u0430\u0448\u043d\u0435\u0435 \u043f\u0438\u0432\u043e \u0438 \u043e\u0442\u0432\u0435\u0434\u0430\u0442\u044c \u043d\u0430\u0446\u0438\u043e\u043d\u0430\u043b\u044c\u043d\u044b\u0435 \u0437\u0430\u043a\u0443\u0441\u043a\u0438. \u0422\u0430\u043a\u0436\u0435 \u0432 \u043f\u0440\u043e\u0434\u0430\u0436\u0435 \u0438\u043c\u0435\u044e\u0442\u0441\u044f \u0441\u0443\u0432\u0435\u043d\u0438\u0440\u044b \u0438\u0437 \u0434\u043e\u043b\u043e\u043c\u0438\u0442\u0430, \u043c\u043e\u0436\u0436\u0435\u0432\u0435\u043b\u043e\u0432\u043e\u0433\u043e \u0434\u0435\u0440\u0435\u0432\u0430 \u0438 \u0433\u043b\u0438\u043d\u044b \u0421\u0430\u0430\u0440\u0435\u043c\u0430\u0430.<\/p>\n\n\n\n<p>\u041d\u0430 \u041f\u0430\u043d\u0433\u0435 \u043d\u0430\u0445\u043e\u0434\u0438\u0442\u0441\u044f \u0435\u0434\u0438\u043d\u0441\u0442\u0432\u0435\u043d\u043d\u044b\u0435 \u0432 \u043e\u0431\u0449\u0435\u0441\u0442\u0432\u0435\u043d\u043d\u043e\u043c \u0434\u043e\u0441\u0442\u0443\u043f\u0435 \u0432 \u0421\u0430\u0430\u0440\u0435\u043c\u0430\u0430 \u0441\u043e\u043b\u043d\u0435\u0447\u043d\u044b\u0435 \u0447\u0430\u0441\u044b, \u0438\u0437\u0433\u043e\u0442\u043e\u0432\u043b\u0435\u043d\u043d\u044b\u0435 \u0438\u0437 \u0434\u043e\u043b\u043e\u043c\u0438\u0442\u0430 \u0421\u0435\u043b\u0433\u0430\u0441\u0435.<\/p>","protected":false},"excerpt":{"rendered":"<p>Tule piknikule maalilisele Panga pangale! Puhas mere\u00f5hk ja m\u00e4nnimetsa tervendav m\u00f5ju aitavad puhata ja oma \u201eakusid\u201c laadida. Looduskaitsealal on v\u00f5imalik j\u00e4lgida lummavalt ilusat p\u00e4ikeseloojangut, nautida vaikust ja looduse ilu, vaadelda linde, ammutada tervist silmaallikast, teha kauneid loodusfotosid. Suvel on avatud Panga vaba\u00f5hu kohvik, kus saab maitsta kodu\u00f5lut ja kinnitada keha rahvuslike suupistetega. M\u00fc\u00fcgil Saaremaa dolomiidist, [&hellip;]<\/p>\n","protected":false},"author":1,"featured_media":0,"parent":0,"menu_order":0,"comment_status":"closed","ping_status":"closed","template":"","meta":{"_acf_changed":false,"footnotes":""},"class_list":["post-84","page","type-page","status-publish","hentry"],"acf":[],"_links":{"self":[{"href":"https:\/\/pangapank.ee\/ru\/wp-json\/wp\/v2\/pages\/84","targetHints":{"allow":["GET"]}}],"collection":[{"href":"https:\/\/pangapank.ee\/ru\/wp-json\/wp\/v2\/pages"}],"about":[{"href":"https:\/\/pangapank.ee\/ru\/wp-json\/wp\/v2\/types\/page"}],"author":[{"embeddable":true,"href":"https:\/\/pangapank.ee\/ru\/wp-json\/wp\/v2\/users\/1"}],"replies":[{"embeddable":true,"href":"https:\/\/pangapank.ee\/ru\/wp-json\/wp\/v2\/comments?post=84"}],"version-history":[{"count":7,"href":"https:\/\/pangapank.ee\/ru\/wp-json\/wp\/v2\/pages\/84\/revisions"}],"predecessor-version":[{"id":426,"href":"https:\/\/pangapank.ee\/ru\/wp-json\/wp\/v2\/pages\/84\/revisions\/426"}],"wp:attachment":[{"href":"https:\/\/pangapank.ee\/ru\/wp-json\/wp\/v2\/media?parent=84"}],"curies":[{"name":"wp","href":"https:\/\/api.w.org\/{rel}","templated":true}]}}