{"id":86,"date":"2023-03-07T09:50:14","date_gmt":"2023-03-07T09:50:14","guid":{"rendered":"https:\/\/easyweb.ee\/pank\/?page_id=86"},"modified":"2023-03-08T13:40:26","modified_gmt":"2023-03-08T13:40:26","slug":"ajaloost","status":"publish","type":"page","link":"https:\/\/pangapank.ee\/en\/ajaloost\/","title":{"rendered":"From History"},"content":{"rendered":"<p>The oldest known record of Panga village dates back to 1554. In the late 19th and early 20th centuries, Panga village was one of the largest areas in the region, where fishing and shipbuilding were carried out.<\/p>\n\n\n\n<p>Sick eyes were washed in the Silmaallikad springs on the Panga cliff. To receive the healing effects of the spring water, people would throw coins into the spring.<\/p>\n\n\n\n<p>&nbsp;On the high ledge of Panga cliff, there was a sacred grove, a historic place for prayer and making fires, and a sacrificial site called \"mari kakk\" in the sea. Every year, a person or an animal was taken there as an offering to the sea god. Later on, beer or vodka was poured as an offering to the sea god. On Christmas Eve and New Year's Eve, people went there to find out whether they would have good luck or bad luck. The weather was also predicted at the same spot.\n\nThe lighthouse on Panga was built during the Soviet era, probably in the 1960s. There was no lighthouse on Panga before that.<\/p>","protected":false},"excerpt":{"rendered":"<p>T\u00f5en\u00e4oliselt vanim teade Panga k\u00fclast p\u00e4rineb 1554. aastast. 19. sajandi l\u00f5pul ja 20. sajandi algul oli Panga k\u00fcla piirkonnas \u00fcks suuremaid, kus tegeleti kalap\u00fc\u00fcgi ja laevaehitusega. Pangam\u00fc\u00fcril olevates Silmaallikates k\u00e4idi haigeid silmi pesemas. Et allikavesi aitaks, tuli allikasse raha visata. &nbsp;Panga panga k\u00f5rgel astangul asus p\u00fcha hiis, ajalooline palve- ja tuletegemise koht ning meres ohvrikoht [&hellip;]<\/p>\n","protected":false},"author":1,"featured_media":0,"parent":0,"menu_order":0,"comment_status":"closed","ping_status":"closed","template":"","meta":{"_acf_changed":false,"footnotes":""},"class_list":["post-86","page","type-page","status-publish","hentry"],"acf":[],"_links":{"self":[{"href":"https:\/\/pangapank.ee\/en\/wp-json\/wp\/v2\/pages\/86","targetHints":{"allow":["GET"]}}],"collection":[{"href":"https:\/\/pangapank.ee\/en\/wp-json\/wp\/v2\/pages"}],"about":[{"href":"https:\/\/pangapank.ee\/en\/wp-json\/wp\/v2\/types\/page"}],"author":[{"embeddable":true,"href":"https:\/\/pangapank.ee\/en\/wp-json\/wp\/v2\/users\/1"}],"replies":[{"embeddable":true,"href":"https:\/\/pangapank.ee\/en\/wp-json\/wp\/v2\/comments?post=86"}],"version-history":[{"count":5,"href":"https:\/\/pangapank.ee\/en\/wp-json\/wp\/v2\/pages\/86\/revisions"}],"predecessor-version":[{"id":430,"href":"https:\/\/pangapank.ee\/en\/wp-json\/wp\/v2\/pages\/86\/revisions\/430"}],"wp:attachment":[{"href":"https:\/\/pangapank.ee\/en\/wp-json\/wp\/v2\/media?parent=86"}],"curies":[{"name":"wp","href":"https:\/\/api.w.org\/{rel}","templated":true}]}}