{"id":84,"date":"2023-03-07T09:50:02","date_gmt":"2023-03-07T09:50:02","guid":{"rendered":"https:\/\/easyweb.ee\/pank\/?page_id=84"},"modified":"2023-03-08T13:39:34","modified_gmt":"2023-03-08T13:39:34","slug":"aktiivne-puhkus","status":"publish","type":"page","link":"https:\/\/pangapank.ee\/en\/aktiivne-puhkus\/","title":{"rendered":"Active vacation"},"content":{"rendered":"<p>Come for a picnic to the picturesque Panga cliff! Clean sea air and the healing effects of the pine forest will help you relax and recharge your \"batteries\". In the nature reserve, you can witness a mesmerizingly beautiful sunset, enjoy peace and the beauty of nature, observe birds, draw health from the eye spring, and take beautiful nature photos.<\/p>\n\n\n\n<p>In the summer, the Panga outdoor caf\u00e9 is open, where you can taste homemade beer and sample national snacks. Souvenirs made of Saaremaa dolomite, juniper, and clay are also available for purchase<\/p>\n\n\n\n<p>Panga has Saaremaa's only public sundial made of Selgase dolomite.<\/p>","protected":false},"excerpt":{"rendered":"<p>Tule piknikule maalilisele Panga pangale! Puhas mere\u00f5hk ja m\u00e4nnimetsa tervendav m\u00f5ju aitavad puhata ja oma \u201eakusid\u201c laadida. Looduskaitsealal on v\u00f5imalik j\u00e4lgida lummavalt ilusat p\u00e4ikeseloojangut, nautida vaikust ja looduse ilu, vaadelda linde, ammutada tervist silmaallikast, teha kauneid loodusfotosid. Suvel on avatud Panga vaba\u00f5hu kohvik, kus saab maitsta kodu\u00f5lut ja kinnitada keha rahvuslike suupistetega. M\u00fc\u00fcgil Saaremaa dolomiidist, [&hellip;]<\/p>\n","protected":false},"author":1,"featured_media":0,"parent":0,"menu_order":0,"comment_status":"closed","ping_status":"closed","template":"","meta":{"_acf_changed":false,"footnotes":""},"class_list":["post-84","page","type-page","status-publish","hentry"],"acf":[],"_links":{"self":[{"href":"https:\/\/pangapank.ee\/en\/wp-json\/wp\/v2\/pages\/84","targetHints":{"allow":["GET"]}}],"collection":[{"href":"https:\/\/pangapank.ee\/en\/wp-json\/wp\/v2\/pages"}],"about":[{"href":"https:\/\/pangapank.ee\/en\/wp-json\/wp\/v2\/types\/page"}],"author":[{"embeddable":true,"href":"https:\/\/pangapank.ee\/en\/wp-json\/wp\/v2\/users\/1"}],"replies":[{"embeddable":true,"href":"https:\/\/pangapank.ee\/en\/wp-json\/wp\/v2\/comments?post=84"}],"version-history":[{"count":7,"href":"https:\/\/pangapank.ee\/en\/wp-json\/wp\/v2\/pages\/84\/revisions"}],"predecessor-version":[{"id":426,"href":"https:\/\/pangapank.ee\/en\/wp-json\/wp\/v2\/pages\/84\/revisions\/426"}],"wp:attachment":[{"href":"https:\/\/pangapank.ee\/en\/wp-json\/wp\/v2\/media?parent=84"}],"curies":[{"name":"wp","href":"https:\/\/api.w.org\/{rel}","templated":true}]}}