{"id":82,"date":"2023-03-07T09:49:51","date_gmt":"2023-03-07T09:49:51","guid":{"rendered":"https:\/\/easyweb.ee\/pank\/?page_id=82"},"modified":"2023-03-08T13:33:57","modified_gmt":"2023-03-08T13:33:57","slug":"maastikukaitseala","status":"publish","type":"page","link":"https:\/\/pangapank.ee\/en\/maastikukaitseala\/","title":{"rendered":"Nature reserve area"},"content":{"rendered":"<p><strong>Panga cliff has been under nature protection as an individual object since 1959. In 1999, the Panga Landscape Protection Area was established based on the protected individual object. The main objective of the protected area, according to the protection regulations, is to protect the highest part of the West Estonian limestone coast, Panga cliff, and the plant communities there.<\/strong><\/p>\n\n\n\n<p>Panga cliff is the highest outcrop in western Estonia and the islands, with high international geological value. The cliff was formed from the deposits of a tropical sea during the Silurian period, about 420-430 million years ago, and is known as the Jaani Formation (up to 80 m thick).<\/p>\n\n\n\n<p>The Silurian escarpment is a local cliff that starts on the island of Gotland in Sweden, runs through the Baltic Sea, and rises to the surface on the western coast of Saaremaa. The geological structure of Panga cliff is of interest to many visitors and scientists. Protected species include II (white and red milkvetch, yellow-billed cuckoo, woodlark) and III (dark red helleborine, common spotted orchid, greater butterfly-orchid, lesser butterfly-orchid, creeping lady's-tresses) protected species.<\/p>\n\n\n\n<p>A rare phenomenon is the colony of house martins (Delichon urbica) on the wall of Panga cliff. The K\u00fcdema Bay area adjacent to the Panga Landscape Protection Area is part of the K\u00fcdema Bay reserve. The area is also of significant importance as a bird area (TLA, IBA code EE011) and is part of the Natura 2000 network as a bird and nature area in K\u00fcdema Bay (EE0040432). South of the Panga Landscape Protection Area is the Laidunina Island Nature Reserve, which was established to protect the local breeding bird population.<\/p>\n\n\n\n<p><\/p>","protected":false},"excerpt":{"rendered":"<p>Panga pank on olnud \u00fcksikobjektina looduskaitse all alates 1959. aastast. 1999. aastal moodustati kaitsealuse \u00fcksikobjekti baasil Panga maastikukaitseala. Kaitseala p\u00f5hieesm\u00e4rk on kaitse-eeskirja kohaselt L\u00e4\u00e4ne-Eesti paekalda k\u00f5rgeima osa, Panga panga ning sealsete taimekoosluste kaitse. Panga pank on L\u00e4\u00e4ne-Eesti ja saarte k\u00f5rgeim aluspaljand ning omab rahvusvaheliste k\u00f5rget geoloogilist v\u00e4\u00e4rtust. Pank on tekkinud Siluri ajastu troopilise mere setetest, [&hellip;]<\/p>\n","protected":false},"author":1,"featured_media":0,"parent":0,"menu_order":0,"comment_status":"closed","ping_status":"closed","template":"","meta":{"_acf_changed":false,"footnotes":""},"class_list":["post-82","page","type-page","status-publish","hentry"],"acf":[],"_links":{"self":[{"href":"https:\/\/pangapank.ee\/en\/wp-json\/wp\/v2\/pages\/82","targetHints":{"allow":["GET"]}}],"collection":[{"href":"https:\/\/pangapank.ee\/en\/wp-json\/wp\/v2\/pages"}],"about":[{"href":"https:\/\/pangapank.ee\/en\/wp-json\/wp\/v2\/types\/page"}],"author":[{"embeddable":true,"href":"https:\/\/pangapank.ee\/en\/wp-json\/wp\/v2\/users\/1"}],"replies":[{"embeddable":true,"href":"https:\/\/pangapank.ee\/en\/wp-json\/wp\/v2\/comments?post=82"}],"version-history":[{"count":15,"href":"https:\/\/pangapank.ee\/en\/wp-json\/wp\/v2\/pages\/82\/revisions"}],"predecessor-version":[{"id":419,"href":"https:\/\/pangapank.ee\/en\/wp-json\/wp\/v2\/pages\/82\/revisions\/419"}],"wp:attachment":[{"href":"https:\/\/pangapank.ee\/en\/wp-json\/wp\/v2\/media?parent=82"}],"curies":[{"name":"wp","href":"https:\/\/api.w.org\/{rel}","templated":true}]}}