{"id":669,"date":"2023-04-21T16:05:46","date_gmt":"2023-04-21T16:05:46","guid":{"rendered":"https:\/\/pangapank.ee\/?page_id=669"},"modified":"2023-04-21T18:45:18","modified_gmt":"2023-04-21T18:45:18","slug":"panga-militaarmatkarajad","status":"publish","type":"page","link":"https:\/\/pangapank.ee\/en\/panga-militaarmatkarajad\/","title":{"rendered":"Panga Cliff Military Hiking Trail"},"content":{"rendered":"<div class=\"wp-block-cover aligncenter has-x-large-font-size\"><span aria-hidden=\"true\" class=\"wp-block-cover__background has-background-dim-0 has-background-dim\"><\/span><img loading=\"lazy\" decoding=\"async\" width=\"1920\" height=\"925\" class=\"wp-block-cover__image-background wp-image-88\" alt=\"\" src=\"https:\/\/pangapank.ee\/wp-content\/uploads\/2023\/03\/pank-hero.jpg\" data-object-fit=\"cover\" srcset=\"https:\/\/pangapank.ee\/wp-content\/uploads\/2023\/03\/pank-hero.jpg 1920w, https:\/\/pangapank.ee\/wp-content\/uploads\/2023\/03\/pank-hero-300x145.jpg 300w, https:\/\/pangapank.ee\/wp-content\/uploads\/2023\/03\/pank-hero-1024x493.jpg 1024w, https:\/\/pangapank.ee\/wp-content\/uploads\/2023\/03\/pank-hero-768x370.jpg 768w, https:\/\/pangapank.ee\/wp-content\/uploads\/2023\/03\/pank-hero-1536x740.jpg 1536w\" sizes=\"auto, (max-width: 1920px) 100vw, 1920px\" \/><div class=\"wp-block-cover__inner-container is-layout-flow wp-block-cover-is-layout-flow\">\n<p class=\"has-text-align-center has-x-large-font-size\">Panga Cliff Military Hiking Trail<\/p>\n<\/div><\/div>\n\n\n\n<div class=\"wp-block-columns is-layout-flex wp-container-core-columns-is-layout-9d6595d7 wp-block-columns-is-layout-flex\">\n<div class=\"wp-block-column is-layout-flow wp-block-column-is-layout-flow\" style=\"flex-basis:25%\"><\/div>\n\n\n\n<div class=\"wp-block-column is-layout-flow wp-block-column-is-layout-flow\" style=\"flex-basis:50%\">\n<h2 class=\"wp-block-heading\">Panga Cliff Military Hiking Trail - points of interest<\/h2>\n\n\n\n<hr class=\"wp-block-separator has-alpha-channel-opacity is-style-wide\"\/>\n\n\n\n<p><strong><a rel=\"noreferrer noopener\" href=\"https:\/\/pangapank.ee\/wp-content\/uploads\/2023\/04\/0-Panga-militaarmatkarada.pdf\" target=\"_blank\">Trail legend (pdf)<\/a><\/strong><\/p>\n\n\n\n<figure class=\"wp-block-image size-large\"><a href=\"https:\/\/pangapank.ee\/wp-content\/uploads\/2023\/04\/0-Panga-militaarmatkarada.pdf\" target=\"_blank\" rel=\"noreferrer noopener\"><img loading=\"lazy\" decoding=\"async\" width=\"1024\" height=\"787\" src=\"https:\/\/pangapank.ee\/wp-content\/uploads\/2023\/04\/0-PANGA-1024x787.jpg\" alt=\"\" class=\"wp-image-697\" srcset=\"https:\/\/pangapank.ee\/wp-content\/uploads\/2023\/04\/0-PANGA-1024x787.jpg 1024w, https:\/\/pangapank.ee\/wp-content\/uploads\/2023\/04\/0-PANGA-300x230.jpg 300w, https:\/\/pangapank.ee\/wp-content\/uploads\/2023\/04\/0-PANGA-768x590.jpg 768w, https:\/\/pangapank.ee\/wp-content\/uploads\/2023\/04\/0-PANGA.jpg 1079w\" sizes=\"auto, (max-width: 1024px) 100vw, 1024px\" \/><\/a><\/figure>\n\n\n\n<p><br><a rel=\"noreferrer noopener\" href=\"https:\/\/pangapank.ee\/wp-content\/uploads\/2023\/04\/1-Panga-militaarmatkarada-KOMANDOPUNKT.pdf\" target=\"_blank\"><strong>BORDER GUARD CORDONS (pdf)<\/strong><\/a> <\/p>\n\n\n\n<figure class=\"wp-block-image size-full\"><a href=\"https:\/\/pangapank.ee\/wp-content\/uploads\/2023\/04\/1-Panga-militaarmatkarada-KOMANDOPUNKT.pdf\" target=\"_blank\" rel=\"noreferrer noopener\"><img loading=\"lazy\" decoding=\"async\" width=\"797\" height=\"831\" src=\"https:\/\/pangapank.ee\/wp-content\/uploads\/2023\/04\/11-PANGA.jpg\" alt=\"\" class=\"wp-image-716\" srcset=\"https:\/\/pangapank.ee\/wp-content\/uploads\/2023\/04\/11-PANGA.jpg 797w, https:\/\/pangapank.ee\/wp-content\/uploads\/2023\/04\/11-PANGA-288x300.jpg 288w, https:\/\/pangapank.ee\/wp-content\/uploads\/2023\/04\/11-PANGA-768x801.jpg 768w\" sizes=\"auto, (max-width: 797px) 100vw, 797px\" \/><\/a><\/figure>\n\n\n\n<p><br><a rel=\"noreferrer noopener\" href=\"https:\/\/pangapank.ee\/wp-content\/uploads\/2023\/04\/2-Panga-militaarmatkarada-kytuse-moonaladu.pdf\" target=\"_blank\"><strong>FUEL AND AMMUNITION DEPOT (pdf)<\/strong><\/a><\/p>\n\n\n\n<figure class=\"wp-block-image size-full\"><a href=\"https:\/\/pangapank.ee\/wp-content\/uploads\/2023\/04\/2-Panga-militaarmatkarada-kytuse-moonaladu.pdf\" target=\"_blank\" rel=\"noreferrer noopener\"><img loading=\"lazy\" decoding=\"async\" width=\"623\" height=\"651\" src=\"https:\/\/pangapank.ee\/wp-content\/uploads\/2023\/04\/2-PANGA.jpg\" alt=\"\" class=\"wp-image-694\" srcset=\"https:\/\/pangapank.ee\/wp-content\/uploads\/2023\/04\/2-PANGA.jpg 623w, https:\/\/pangapank.ee\/wp-content\/uploads\/2023\/04\/2-PANGA-287x300.jpg 287w\" sizes=\"auto, (max-width: 623px) 100vw, 623px\" \/><\/a><\/figure>\n\n\n\n<p><br><strong><a href=\"https:\/\/pangapank.ee\/wp-content\/uploads\/2023\/04\/3-Panga-militaarmatkarada-raketialus.pdf\">BORDER ZONE (pdf)<\/a><\/strong><\/p>\n\n\n\n<figure class=\"wp-block-image size-full\"><a href=\"https:\/\/pangapank.ee\/wp-content\/uploads\/2023\/04\/3-Panga-militaarmatkarada-raketialus.pdf\" target=\"_blank\" rel=\"noreferrer noopener\"><img loading=\"lazy\" decoding=\"async\" width=\"623\" height=\"647\" src=\"https:\/\/pangapank.ee\/wp-content\/uploads\/2023\/04\/3-PANGA.jpg\" alt=\"\" class=\"wp-image-691\" srcset=\"https:\/\/pangapank.ee\/wp-content\/uploads\/2023\/04\/3-PANGA.jpg 623w, https:\/\/pangapank.ee\/wp-content\/uploads\/2023\/04\/3-PANGA-289x300.jpg 289w\" sizes=\"auto, (max-width: 623px) 100vw, 623px\" \/><\/a><\/figure>\n\n\n\n<p><br><strong><a href=\"https:\/\/pangapank.ee\/wp-content\/uploads\/2023\/04\/4-Panga-militaarmatkarada-rannakaitse-laskepesa.pdf\">COASTAL DEFENCE EMPLACEMENTS, OBSERVATION POSTS (pdf)<\/a><\/strong><\/p>\n\n\n\n<figure class=\"wp-block-image size-full\"><a href=\"https:\/\/pangapank.ee\/wp-content\/uploads\/2023\/04\/4-Panga-militaarmatkarada-rannakaitse-laskepesa.pdf\" target=\"_blank\" rel=\"noreferrer noopener\"><img loading=\"lazy\" decoding=\"async\" width=\"624\" height=\"650\" src=\"https:\/\/pangapank.ee\/wp-content\/uploads\/2023\/04\/4-PANGA.jpg\" alt=\"\" class=\"wp-image-690\" srcset=\"https:\/\/pangapank.ee\/wp-content\/uploads\/2023\/04\/4-PANGA.jpg 624w, https:\/\/pangapank.ee\/wp-content\/uploads\/2023\/04\/4-PANGA-288x300.jpg 288w\" sizes=\"auto, (max-width: 624px) 100vw, 624px\" \/><\/a><\/figure>\n\n\n\n<p><br><a rel=\"noreferrer noopener\" href=\"https:\/\/pangapank.ee\/wp-content\/uploads\/2023\/04\/5-Panga-militaarmatkarada.pdf\" target=\"_blank\"><strong>SOUP KITCHEN RUINS (pdf)<\/strong><\/a><\/p>\n\n\n\n<figure class=\"wp-block-image size-full\"><a href=\"https:\/\/pangapank.ee\/wp-content\/uploads\/2023\/04\/5-Panga-militaarmatkarada.pdf\" target=\"_blank\" rel=\"noreferrer noopener\"><img loading=\"lazy\" decoding=\"async\" width=\"797\" height=\"829\" src=\"https:\/\/pangapank.ee\/wp-content\/uploads\/2023\/04\/5-PANGA.jpg\" alt=\"\" class=\"wp-image-708\" srcset=\"https:\/\/pangapank.ee\/wp-content\/uploads\/2023\/04\/5-PANGA.jpg 797w, https:\/\/pangapank.ee\/wp-content\/uploads\/2023\/04\/5-PANGA-288x300.jpg 288w, https:\/\/pangapank.ee\/wp-content\/uploads\/2023\/04\/5-PANGA-768x799.jpg 768w\" sizes=\"auto, (max-width: 797px) 100vw, 797px\" \/><\/a><\/figure>\n\n\n\n<p><br><strong><a rel=\"noreferrer noopener\" href=\"https:\/\/pangapank.ee\/wp-content\/uploads\/2023\/04\/6-Panga-militaarmatkarada.pdf\" target=\"_blank\">FIRING SPOTS, PROJECTOR POST, WATCHTOWER (pdf)<\/a><\/strong><\/p>\n\n\n\n<figure class=\"wp-block-image size-full\"><img loading=\"lazy\" decoding=\"async\" width=\"794\" height=\"819\" src=\"https:\/\/pangapank.ee\/wp-content\/uploads\/2023\/04\/6-PANGA.jpg\" alt=\"\" class=\"wp-image-706\" srcset=\"https:\/\/pangapank.ee\/wp-content\/uploads\/2023\/04\/6-PANGA.jpg 794w, https:\/\/pangapank.ee\/wp-content\/uploads\/2023\/04\/6-PANGA-291x300.jpg 291w, https:\/\/pangapank.ee\/wp-content\/uploads\/2023\/04\/6-PANGA-768x792.jpg 768w\" sizes=\"auto, (max-width: 794px) 100vw, 794px\" \/><\/figure>\n\n\n\n<p><br><strong><a rel=\"noreferrer noopener\" href=\"https:\/\/pangapank.ee\/wp-content\/uploads\/2023\/04\/7-Panga-militaarmatkarada.pdf\" target=\"_blank\">TRENCH LINES (pdf)<\/a><\/strong><\/p>\n\n\n\n<figure class=\"wp-block-image size-full\"><img loading=\"lazy\" decoding=\"async\" width=\"798\" height=\"829\" src=\"https:\/\/pangapank.ee\/wp-content\/uploads\/2023\/04\/7-PANGA.jpg\" alt=\"\" class=\"wp-image-704\" srcset=\"https:\/\/pangapank.ee\/wp-content\/uploads\/2023\/04\/7-PANGA.jpg 798w, https:\/\/pangapank.ee\/wp-content\/uploads\/2023\/04\/7-PANGA-289x300.jpg 289w, https:\/\/pangapank.ee\/wp-content\/uploads\/2023\/04\/7-PANGA-768x798.jpg 768w\" sizes=\"auto, (max-width: 798px) 100vw, 798px\" \/><\/figure>\n<\/div>\n\n\n\n<div class=\"wp-block-column is-layout-flow wp-block-column-is-layout-flow\" style=\"flex-basis:25%\"><\/div>\n<\/div>","protected":false},"excerpt":{"rendered":"<p>Panga militaarmatkaraja punktid Raja legend (pdf) Kommandopunkt (pdf) K\u00fctuse- ja moonaladu (pdf) Raketialus (pdf) Rannakaitse laskepesad (pdf) Supik\u00f6\u00f6gi varemed (pdf) Laskepesad, pro\u017eektoripesad, vaatetorn (pdf) Kaevikuliinid (pdf)<\/p>","protected":false},"author":2,"featured_media":0,"parent":0,"menu_order":0,"comment_status":"closed","ping_status":"closed","template":"","meta":{"_acf_changed":false,"footnotes":""},"class_list":["post-669","page","type-page","status-publish","hentry"],"acf":[],"_links":{"self":[{"href":"https:\/\/pangapank.ee\/en\/wp-json\/wp\/v2\/pages\/669","targetHints":{"allow":["GET"]}}],"collection":[{"href":"https:\/\/pangapank.ee\/en\/wp-json\/wp\/v2\/pages"}],"about":[{"href":"https:\/\/pangapank.ee\/en\/wp-json\/wp\/v2\/types\/page"}],"author":[{"embeddable":true,"href":"https:\/\/pangapank.ee\/en\/wp-json\/wp\/v2\/users\/2"}],"replies":[{"embeddable":true,"href":"https:\/\/pangapank.ee\/en\/wp-json\/wp\/v2\/comments?post=669"}],"version-history":[{"count":22,"href":"https:\/\/pangapank.ee\/en\/wp-json\/wp\/v2\/pages\/669\/revisions"}],"predecessor-version":[{"id":718,"href":"https:\/\/pangapank.ee\/en\/wp-json\/wp\/v2\/pages\/669\/revisions\/718"}],"wp:attachment":[{"href":"https:\/\/pangapank.ee\/en\/wp-json\/wp\/v2\/media?parent=669"}],"curies":[{"name":"wp","href":"https:\/\/api.w.org\/{rel}","templated":true}]}}